{"id":2,"date":"2021-05-06T17:26:28","date_gmt":"2021-05-06T17:26:28","guid":{"rendered":"http:\/\/afaescolagravi.com\/?page_id=2"},"modified":"2026-01-14T19:26:10","modified_gmt":"2026-01-14T19:26:10","slug":"sample-page","status":"publish","type":"page","link":"http:\/\/afaescolagravi.com\/index.php\/sample-page\/","title":{"rendered":"Les nostres comissions"},"content":{"rendered":"\t\t<div data-elementor-type=\"wp-page\" data-elementor-id=\"2\" class=\"elementor elementor-2\">\n\t\t\t\t\t\t<section class=\"elementor-section elementor-top-section elementor-element elementor-element-779b717b elementor-section-boxed elementor-section-height-default elementor-section-height-default\" data-id=\"779b717b\" data-element_type=\"section\" data-e-type=\"section\">\n\t\t\t\t\t\t<div class=\"elementor-container elementor-column-gap-default\">\n\t\t\t\t\t<div class=\"elementor-column elementor-col-100 elementor-top-column elementor-element elementor-element-2cb9b541\" data-id=\"2cb9b541\" data-element_type=\"column\" data-e-type=\"column\">\n\t\t\t<div class=\"elementor-widget-wrap elementor-element-populated\">\n\t\t\t\t\t\t<div class=\"elementor-element elementor-element-1d61d933 elementor-widget elementor-widget-text-editor\" data-id=\"1d61d933\" data-element_type=\"widget\" data-e-type=\"widget\" data-widget_type=\"text-editor.default\">\n\t\t\t\t<div class=\"elementor-widget-container\">\n\t\t\t\t\t\t\t\t\t<div style=\"font-weight: 400;\">\n<div style=\"line-height: 1.4; direction: ltr; text-align: justify; margin-left: 0px;\">\n<h6><span style=\"font-size: 16px; letter-spacing: 0em;\">Per tal d\u2019organitzar millor les activitats, les tasques i les diferents propostes, hem creat diverses comissions de treball obertes a totes les fam\u00edlies.<\/span><\/h6>\n<\/div>\n<p><span style=\"font-size: 16px; letter-spacing: 0em;\">Qualsevol persona que ho vulgui pot afegir-se a un grup de treball, aportar idees, donar la seva opini\u00f3 i ajudar a organitzar petites iniciatives.<\/span><\/p>\n<div style=\"line-height: 1.4; direction: ltr; text-align: justify; margin-left: 0px;\">\n<h6><span style=\"font-size: 16px; font-weight: bold; letter-spacing: 0em;\">Vols participar-hi?<\/span><span style=\"font-size: 16px; letter-spacing: 0em;\">\u00a0T\u2019hi pots afegir quan vulguis!<\/span><\/h6>\n<\/div>\n<\/div>\n<h2 style=\"padding-left: 40px;\">\u00a0<\/h2>\n<h2><span style=\"color: #000000;\"><!-- \/wp:heading --><!-- wp:heading {\"textAlign\":\"left\",\"level\":4} --><\/span><\/h2>\n<h2 style=\"padding-left: 40px;\"><span style=\"color: #000000;\">Actualment les comissions que tenim son les seg\u00fcents:<\/span><\/h2>\n<p><!-- \/wp:heading --><!-- wp:heading --><\/p>\n<h3 style=\"padding-left: 40px;\"><span style=\"font-size: 20.0003px; letter-spacing: 0em; font-family: 'Happy Monkey', sans-serif; color: #ff9900;\">Atenci\u00f3 a la diversitat<\/span><\/h3>\n<p style=\"padding-left: 80px;\"><span class=\"a_GcMg font-feature-liga-off font-feature-clig-off font-feature-calt-off text-decoration-none text-strikethrough-none\">Vetlla per una AFA i una escola inclusives, diverses i respectuoses, promovent accions que garanteixin la participaci\u00f3 de totes les fam\u00edlies i infants, tenint en compte les diferents realitats, necessitats i capacitats.<\/span><\/p>\n<div style=\"padding-left: 40px;\">\n<div>\n<h3><span style=\"color: #ff9900;\">Solid\u00e0ria<\/span><\/h3>\n<p style=\"padding-left: 40px;\"><span class=\"a_GcMg font-feature-liga-off font-feature-clig-off font-feature-calt-off text-decoration-none text-strikethrough-none\">Preparem la Xocolatada Solid\u00e0ria, GraviEncants i campanyes per recaptar fons i ajudar entitats properes a l\u2019escola.<\/span><\/p>\n<span style=\"color: #ff9900;\"><b>Festes i Carnaval<\/b><\/span>\n<p style=\"padding-left: 40px;\"><span class=\"a_GcMg font-feature-liga-off font-feature-clig-off font-feature-calt-off text-decoration-none text-strikethrough-none\">Organitza i coordina les festes de l\u2019escola. Fins al moment s\u2019ha preparat la festa de Benvinguda, i ara estan treballant per organitzar el Carnaval.<\/span><\/p>\n<div>\n<div>\n<h3><span style=\"color: #ff9900;\">Excursionista<\/span><\/h3>\n<p style=\"padding-left: 40px;\"><span class=\"a_GcMg font-feature-liga-off font-feature-clig-off font-feature-calt-off text-decoration-none text-strikethrough-none\">Treballa per oferir activitats i sortides pensades per a tothom, amb l\u2019objectiu de fomentar la conviv\u00e8ncia, la participaci\u00f3 i una major cohesi\u00f3 entre les fam\u00edlies.<\/span><\/p>\n<div>\n<div>\n<h3><span style=\"color: #ff9900;\">Gravicross<\/span><\/h3>\n<p style=\"padding-left: 40px;\"><span class=\"a_GcMg font-feature-liga-off font-feature-clig-off font-feature-calt-off text-decoration-none text-strikethrough-none\">Comissi\u00f3 que treballa junt amb l\u2019escola per tal d\u2019organitzar la Gravicross d\u2019aquest curs.<\/span><\/p>\n<div>\n<div>\n<h3><span style=\"color: #ff9900;\">Escola de fam\u00edlies<\/span><\/h3>\n<p style=\"padding-left: 40px;\"><span class=\"a_GcMg font-feature-liga-off font-feature-clig-off font-feature-calt-off text-decoration-none text-strikethrough-none\">T\u00e9 l\u2019objectiu d\u2019impulsar xerrades, tallers i activitats formatives adre\u00e7ades a les fam\u00edlies, d\u2019acord amb les seves necessitats i interessos, amb la finalitat de compartir eines, reflexions i recursos per a l\u2019acompanyament educatiu i emocional dels infants i joves.<\/span><\/p>\n<div><span style=\"color: #ff9900;\">Secund\u00e0ria<\/span>\n<p style=\"padding-left: 40px;\"><span class=\"a_GcMg font-feature-liga-off font-feature-clig-off font-feature-calt-off text-decoration-none text-strikethrough-none\">Organitza activitats especialment adre\u00e7ades per l\u2019alumnat i families de secund\u00e0ria.<\/span><\/p>\n<div>\n<div><span style=\"color: #ff9900;\">Barri<\/span>\n<p style=\"padding-left: 40px;\"><span class=\"a_GcMg font-feature-liga-off font-feature-clig-off font-feature-calt-off text-decoration-none text-strikethrough-none\">Preten fomentar la descoberta del barri, la participaci\u00f3 comunit\u00e0ria i en activitats vinculades a l\u2019entorn de l\u2019escola.<\/span><\/p>\n<\/div>\n<\/div>\n<\/div>\n<\/div>\n<\/div>\n<\/div>\n<\/div>\n<\/div>\n<\/div>\n<\/div>\n<\/div>\n<div style=\"caret-color: #000000; color: #000000;\">\u00a0<\/div>\n<p><!-- \/wp:heading --><!-- wp:quote {\"className\":\"is-style-default\"} --><\/p>\n<div>\n<p><img decoding=\"async\" src=\"http:\/\/afaescolagravi.com\/wp-content\/uploads\/2021\/05\/comissions.png\" alt=\"\" data-object-fit=\"cover\" \/><\/p>\n<div>\n<h2>\u00a0<\/h2>\n<h2>\u00a0<\/h2>\n<h2>\u00a0<\/h2>\n<h2>\u00a0<\/h2>\n<h2>\u00a0<\/h2>\n<h2>\u00a0<\/h2>\n<h2>Col\u00b7labora amb les teves idees per tal de, entre tots, millorar la vida escolar del nostre alumnat. info@afaescolagravi.com<\/h2>\n<\/div>\n<\/div>\n<p><!-- \/wp:cover --><\/p>\t\t\t\t\t\t\t\t<\/div>\n\t\t\t\t<\/div>\n\t\t\t\t\t<\/div>\n\t\t<\/div>\n\t\t\t\t\t<\/div>\n\t\t<\/section>\n\t\t\t\t<\/div>\n\t\t","protected":false},"excerpt":{"rendered":"<p>Per tal d\u2019organitzar millor les activitats, les tasques i les diferents propostes, hem creat diverses comissions de treball obertes a totes les fam\u00edlies. Qualsevol persona que ho vulgui pot afegir-se &hellip; <\/p>\n<p class=\"link-more\"><a href=\"http:\/\/afaescolagravi.com\/index.php\/sample-page\/\" class=\"more-link\">Leer m\u00e1s<span class=\"screen-reader-text\"> \u00abLes nostres comissions\u00bb<\/span><\/a><\/p>\n","protected":false},"author":1,"featured_media":0,"parent":0,"menu_order":0,"comment_status":"closed","ping_status":"open","template":"","meta":{"inspiro_hide_title":false,"footnotes":""},"class_list":["post-2","page","type-page","status-publish","hentry"],"_links":{"self":[{"href":"http:\/\/afaescolagravi.com\/index.php\/wp-json\/wp\/v2\/pages\/2","targetHints":{"allow":["GET"]}}],"collection":[{"href":"http:\/\/afaescolagravi.com\/index.php\/wp-json\/wp\/v2\/pages"}],"about":[{"href":"http:\/\/afaescolagravi.com\/index.php\/wp-json\/wp\/v2\/types\/page"}],"author":[{"embeddable":true,"href":"http:\/\/afaescolagravi.com\/index.php\/wp-json\/wp\/v2\/users\/1"}],"replies":[{"embeddable":true,"href":"http:\/\/afaescolagravi.com\/index.php\/wp-json\/wp\/v2\/comments?post=2"}],"version-history":[{"count":30,"href":"http:\/\/afaescolagravi.com\/index.php\/wp-json\/wp\/v2\/pages\/2\/revisions"}],"predecessor-version":[{"id":1307,"href":"http:\/\/afaescolagravi.com\/index.php\/wp-json\/wp\/v2\/pages\/2\/revisions\/1307"}],"wp:attachment":[{"href":"http:\/\/afaescolagravi.com\/index.php\/wp-json\/wp\/v2\/media?parent=2"}],"curies":[{"name":"wp","href":"https:\/\/api.w.org\/{rel}","templated":true}]}}